{"id":21,"date":"2016-09-27T23:25:32","date_gmt":"2016-09-27T21:25:32","guid":{"rendered":"https:\/\/cartography.tuwien.ac.at\/bpetchenik\/?page_id=21"},"modified":"2025-05-18T10:15:13","modified_gmt":"2025-05-18T08:15:13","slug":"archiv","status":"publish","type":"page","link":"https:\/\/cartography.tuwien.ac.at\/bpetchenik\/archiv\/","title":{"rendered":"Archiv"},"content":{"rendered":"<p>\u00d6sterreich hat <strong>2009 <\/strong>zum ersten Mal in der Geschichte des Wettbewerbes teilgenommen. Einsicht in die bisherigen \u00f6sterreichischen Wettbewerbsbeitr\u00e4ge\u00a0erhalten Sie hier:<\/p>\n<ul>\n<li>Galerie 2009<\/li>\n<li>Galerie 2011<\/li>\n<li>Galerie 2013<\/li>\n<li><a href=\"https:\/\/cartography.tuwien.ac.at\/bpetchenik\/rueckblick-auf-den-barbara-petchenik-wettbewerb-2013\/\">Galerie 2015<\/a><\/li>\n<li><a href=\"https:\/\/cartography.tuwien.ac.at\/bpetchenik\/die-gewinner-des-barbara-petchenik-wettbewerbes-2017\/\">Galerie 2017<\/a><\/li>\n<li><a href=\"https:\/\/cartography.tuwien.ac.at\/bpetchenik\/die-gewinner-des-barbara-petchenik-wettbewerbes-2019\/\">Galerie 2019<\/a>\n<p><figure id=\"attachment_398\" aria-describedby=\"caption-attachment-398\" style=\"width: 660px\" class=\"wp-caption aligncenter\"><img loading=\"lazy\" decoding=\"async\" class=\"size-large wp-image-398\" src=\"https:\/\/cartography.tuwien.ac.at\/bpetchenik\/wp-content\/uploads\/2023\/05\/at_bpetchenik23_gewinner-1024x341.jpg\" alt=\"Die Gewinner der 3 Altersklassen 6-8, 9-12, 13-15.\" width=\"660\" height=\"220\" srcset=\"https:\/\/cartography.tuwien.ac.at\/bpetchenik\/wp-content\/uploads\/2023\/05\/at_bpetchenik23_gewinner-1024x341.jpg 1024w, https:\/\/cartography.tuwien.ac.at\/bpetchenik\/wp-content\/uploads\/2023\/05\/at_bpetchenik23_gewinner-300x100.jpg 300w, https:\/\/cartography.tuwien.ac.at\/bpetchenik\/wp-content\/uploads\/2023\/05\/at_bpetchenik23_gewinner-150x50.jpg 150w, https:\/\/cartography.tuwien.ac.at\/bpetchenik\/wp-content\/uploads\/2023\/05\/at_bpetchenik23_gewinner-768x256.jpg 768w, https:\/\/cartography.tuwien.ac.at\/bpetchenik\/wp-content\/uploads\/2023\/05\/at_bpetchenik23_gewinner-1536x512.jpg 1536w, https:\/\/cartography.tuwien.ac.at\/bpetchenik\/wp-content\/uploads\/2023\/05\/at_bpetchenik23_gewinner-2048x683.jpg 2048w\" sizes=\"auto, (max-width: 660px) 100vw, 660px\" \/><figcaption id=\"caption-attachment-398\" class=\"wp-caption-text\">Die Gewinner 2023 der Altersklassen 6-8, 9-12, 13-15.<\/figcaption><\/figure><\/li>\n<\/ul>\n","protected":false},"excerpt":{"rendered":"<p>\u00d6sterreich hat 2009 zum ersten Mal in der Geschichte des Wettbewerbes teilgenommen. Einsicht in die bisherigen \u00f6sterreichischen Wettbewerbsbeitr\u00e4ge\u00a0erhalten Sie hier: Galerie 2009 Galerie 2011 Galerie 2013 Galerie 2015 Galerie 2017 Galerie 2019<\/p>\n","protected":false},"author":2,"featured_media":0,"parent":0,"menu_order":0,"comment_status":"closed","ping_status":"closed","template":"","meta":{"footnotes":""},"class_list":["post-21","page","type-page","status-publish","hentry"],"_links":{"self":[{"href":"https:\/\/cartography.tuwien.ac.at\/bpetchenik\/wp-json\/wp\/v2\/pages\/21","targetHints":{"allow":["GET"]}}],"collection":[{"href":"https:\/\/cartography.tuwien.ac.at\/bpetchenik\/wp-json\/wp\/v2\/pages"}],"about":[{"href":"https:\/\/cartography.tuwien.ac.at\/bpetchenik\/wp-json\/wp\/v2\/types\/page"}],"author":[{"embeddable":true,"href":"https:\/\/cartography.tuwien.ac.at\/bpetchenik\/wp-json\/wp\/v2\/users\/2"}],"replies":[{"embeddable":true,"href":"https:\/\/cartography.tuwien.ac.at\/bpetchenik\/wp-json\/wp\/v2\/comments?post=21"}],"version-history":[{"count":10,"href":"https:\/\/cartography.tuwien.ac.at\/bpetchenik\/wp-json\/wp\/v2\/pages\/21\/revisions"}],"predecessor-version":[{"id":474,"href":"https:\/\/cartography.tuwien.ac.at\/bpetchenik\/wp-json\/wp\/v2\/pages\/21\/revisions\/474"}],"wp:attachment":[{"href":"https:\/\/cartography.tuwien.ac.at\/bpetchenik\/wp-json\/wp\/v2\/media?parent=21"}],"curies":[{"name":"wp","href":"https:\/\/api.w.org\/{rel}","templated":true}]}}