{"id":7,"date":"2016-09-27T22:44:17","date_gmt":"2016-09-27T20:44:17","guid":{"rendered":"https:\/\/cartography.tuwien.ac.at\/bpetchenik\/?page_id=7"},"modified":"2025-01-15T22:41:22","modified_gmt":"2025-01-15T21:41:22","slug":"ueber-den-wettbewerb","status":"publish","type":"page","link":"https:\/\/cartography.tuwien.ac.at\/bpetchenik\/ueber-den-wettbewerb\/","title":{"rendered":"Der Wettbewerb"},"content":{"rendered":"<p>Das Rahmenthema des Wettbewerbes 2025 lautet:<\/p>\n<blockquote><p><strong>&#8222;Maps in everyday life&#8220; (Karten im t\u00e4glichen Leben)<\/strong><\/p><\/blockquote>\n<p><a href=\"https:\/\/cartography.tuwien.ac.at\/bpetchenik\/wp-content\/uploads\/2025\/01\/Barbara-Petchenik-Wettbewerb-2025-Ausschreibung.pdf\">Informationsblatt zur Barbara-Petchenik-Wettbewerb-2025-Ausschreibung<\/a><\/p>\n<p>&nbsp;<\/p>\n<h3>Ziel<\/h3>\n<p>Es soll eine m\u00f6glichst <strong>farbige Karte der gesamten Welt<\/strong>, oder einem gro\u00dfen Teil davon, auf Papier mit Buntstiften, Wasserfarben oder anderen Techniken gestaltet werden.<br \/>\nDie Karten m\u00fcssen ausnahmslos <strong>von den Sch\u00fclern:innen selbstst\u00e4ndig <\/strong>gezeichnet und als Original eingesendet werden.<\/p>\n<h3>Bedingungen<\/h3>\n<ul>\n<li>Die <strong>Karten m\u00fcssen flach sein<\/strong> und d\u00fcrfen eine St\u00e4rke von maximal 5 mm nicht \u00fcberschreiten. Eventuell aufgeklebte Elemente m\u00fcssen sorgf\u00e4ltig befestigt sein.<\/li>\n<li>Das Format darf nicht gr\u00f6\u00dfer als das <strong>DIN A3 (420 x 297 mm)<\/strong> sein.<\/li>\n<li>Es d\u00fcrfen keine zerbrechlichen Materialien, wie z.B. Glas verwendet werden.<\/li>\n<li>Es d\u00fcrfen keine verderblichen Materialien, wie z.B. Bl\u00e4tter o.dgl. verwendet werden.<\/li>\n<li>Es d\u00fcrfen keine beweglichen oder ausklappbaren Teile befestigt sein, da die Einsendungen digitalisiert werden und die komplette Zeichnung sichtbar sein muss.<\/li>\n<li>Die Karten d\u00fcrfen nicht laminiert werden.<\/li>\n<\/ul>\n<h3>Teilnahme<\/h3>\n<p>Die Teilnahme am Wettbewerb ist auf Sch\u00fclerInnen unter 16 Jahre beschr\u00e4nkt.\u00a0 Die Karten k\u00f6nnen entweder alleine oder in Gruppen von maximal drei Autor:innen derselben Altersgruppe hergestellt werden.<\/p>\n<p>Die Pr\u00e4mierung erfolgt in vier <strong>Altersgruppen:<\/strong><\/p>\n<ul>\n<li>unter 6 Jahre<\/li>\n<li>6 bis 8 Jahre<\/li>\n<li>9 bis 12 Jahre<\/li>\n<li>\u00fcber 12 (13 bis 15 Jahre)<\/li>\n<\/ul>\n<h3>Notwendiges Begleitmaterial<\/h3>\n<p>Auf der R\u00fcckseite der Karten m\u00fcssen folgende Informationen mit Bleistift angegeben und zus\u00e4tzlich in einem Begleitbrief aufgelistet sein:<\/p>\n<ul>\n<li>Titel der Karte<\/li>\n<li>Name und Alter der AutorInnen<\/li>\n<li>Name des Lehrpersonals<\/li>\n<li>Name und Adresse der Schule<\/li>\n<li>E-Mail-Adresse<\/li>\n<li>Optional: Beschreibung bzw. Erkl\u00e4rung des Bildes und Gedanken dazu.<\/li>\n<\/ul>\n<p><a href=\"https:\/\/icaci.org\/files\/documents\/reference_docs\/2023_bpc_author-data.doc\">Ein Vorlagenblatt findet sich hier.<\/a><\/p>\n<p>Neben dem Begleitbrief muss ebenfalls ein offizielles Formular der ICA von den Erziehungsberechtigen aller Autor:innen f\u00fcr die Zustimmung zur Teilnahme ihres Kindes am Wettbewerb und der zuk\u00fcnftigen Nutzung der angefertigten Zeichnung f\u00fcr Ver\u00f6ffentlichungszwecke angef\u00fcgt werden.<\/p>\n<p>Die Erziehungsberechtigten der Teilnehmer:innen stimmen damit schriftlich zu, dass die ICA oder andere internationale Einrichtungen die Zeichnungen ohne vorherige Konsultation bzw. Autorenhonorar ver\u00f6ffentlichen d\u00fcrfen.<\/p>\n<p><a href=\"https:\/\/icaci.org\/files\/documents\/reference_docs\/2023_bpc_parent-permission.doc\">Das offizielle Formular der ICA findet sich hier.\u00a0<\/a><\/p>\n<h3>Termine<\/h3>\n<p>Sp\u00e4tester Abgabetermin ist der <strong>28. M\u00e4rz 2025 (Poststempel)<\/strong><\/p>\n<h3>Wohin?<\/h3>\n<p>Bitte schicken Sie die Karten inklusive Beschriftung und<br \/>\nmit Begleitdokumenten an:<\/p>\n<p><strong>Freytag &amp; Berndt<\/strong><br \/>\n<strong>z.H. Mag. Hannes Mittergeber<\/strong><br \/>\n<strong>\u00d6lzeltgasse 3\/10,<\/strong><br \/>\n<strong>1030 Wien<\/strong><\/p>\n<h3>Ablauf der nationalen Wettbewerbsrunde<\/h3>\n<p>Eine nationale Jury wird die eingesandten Karten begutachten und die besten Beitr\u00e4ge pro Altersgruppe pr\u00e4mieren. Bewertet wird u.a., ob die Karte dem Thema des Wettbewerbes entspricht oder eine, dem selbst gew\u00e4hlten Titel, entsprechende Aussage enth\u00e4lt.<br \/>\nGleicherma\u00dfen werden der <strong>kartographische Inhalt<\/strong> und dessen <strong>Qualit\u00e4t<\/strong> unter Ber\u00fccksichtigung der Altersgruppe evaluiert.<\/p>\n<p>Alle Teilnehmer und Teilnehmerinnen erhalten eine <strong>Urkunde<\/strong>.<\/p>\n<p>F\u00fcr die besten Karten werden die Teilnehmer:innen mit kleinen Preisen ausgezeichnet.<\/p>\n<h3>Ablauf der internationalen Wettbewerbsrunde<\/h3>\n<p>Die sechs besten nationalen Einsendungen aller Altersgruppen werden zum internationalen Wettbewerb im Rahmen der 31. Internationalen Kartographischen Konferenz in <strong>Vancouver, Canada, 18\u201322 August 2025<\/strong> eingereicht.<\/p>\n<p>Eine internationale Jury wird die ausgestellten Karten begutachten und pr\u00e4mieren. In der Abschlusssitzung der Konferenz werden die besten drei Karten pro Altersgruppe vorgestellt.<br \/>\nZus\u00e4tzlich wird ein Publikumspreis vergeben und eine Auszeichnung f\u00fcr Kreativit\u00e4t verliehen.<\/p>\n<p>Alle international eingesandten Karten werden in der Carleton Universit\u00e4tsbibliothek in Ottawa, Kanada aufbewahrt und auf der Universit\u00e4tswebseite (http:\/\/children.library.carleton.ca) pr\u00e4sentiert.<\/p>\n<p>Die pr\u00e4mierten Karten werden den internationalen Organisationen, wie dem UNICEF Kinderhilfswerk der Vereinten Nationen, zur Verf\u00fcgung gestellt. Es werden im Anlassfall mit den kartografischen Motiven Postkarten, Poster, B\u00fccher, CD-ROMs u.dgl. hergestellt.<\/p>\n<p>Die eingesandten Karten k\u00f6nnen nach dem Wettbewerb leider nicht zur\u00fcckgegeben werden, da diese bei Veranstaltungen der \u00d6sterreichischen Kartographischen Kommission und anderen Symposien ausgestellt werden.<\/p>\n<h3>Allgemeines<\/h3>\n<figure id=\"attachment_8\" aria-describedby=\"caption-attachment-8\" style=\"width: 277px\" class=\"wp-caption alignright\"><img loading=\"lazy\" decoding=\"async\" class=\"wp-image-8 size-medium\" title=\"Barbara Petchenik\" src=\"https:\/\/cartography.tuwien.ac.at\/bpetchenik\/wp-content\/uploads\/2016\/09\/bbp-277x300.jpg\" alt=\"Barbara Petchenik\" width=\"277\" height=\"300\" srcset=\"https:\/\/cartography.tuwien.ac.at\/bpetchenik\/wp-content\/uploads\/2016\/09\/bbp-277x300.jpg 277w, https:\/\/cartography.tuwien.ac.at\/bpetchenik\/wp-content\/uploads\/2016\/09\/bbp.jpg 339w\" sizes=\"auto, (max-width: 277px) 100vw, 277px\" \/><figcaption id=\"caption-attachment-8\" class=\"wp-caption-text\">Barbara Petchenik \u2013 die Namensgeberin des Wettbewerbs<\/figcaption><\/figure>\n<p>Die <a href=\"https:\/\/cartography.tuwien.ac.at\/ica\/\" target=\"_blank\" rel=\"noopener\">Internationale Kartographische Vereinigung (ICA)<\/a> ruft seit 1993 im zweij\u00e4hrigen Rhythmus zum Barbara Petchenik-Wettbewerb &#8222;Die Welt mit Kinderaugen gesehen&#8220; auf. Das Ziel ist die graphische Repr\u00e4sentation der Welt durch Kinderhand zu f\u00f6rdern.<\/p>\n<p>Der Wettbewerb ist nach der ber\u00fchmten amerikanischen Kartographin, Karten-Designerin und Karten-Theoretikerin Barbara Petchenik benannt, deren kartographisches Schaffen vor allem Karten f\u00fcr Kinder gewidmet war.<\/p>\n<h3>Informationen zur ICA Kinderkartensammlung<\/h3>\n<ul>\n<li><a href=\"https:\/\/childrensmaps.library.carleton.ca\/\" target=\"_blank\" rel=\"noopener\">Sammlung aller internationalen Wettbewerbs-Beitr\u00e4ge<\/a> [englisch]<\/li>\n<li><a href=\"http:\/\/lazarus.elte.hu\/ccc\/ccc.htm\" target=\"_blank\" rel=\"noopener\">ICA Commission on Cartography and Children<\/a> [englisch]<\/li>\n<\/ul>\n","protected":false},"excerpt":{"rendered":"<p>Das Rahmenthema des Wettbewerbes 2025 lautet: &#8222;Maps in everyday life&#8220; (Karten im t\u00e4glichen Leben) Informationsblatt zur Barbara-Petchenik-Wettbewerb-2025-Ausschreibung &nbsp; Ziel Es soll eine m\u00f6glichst farbige Karte der gesamten Welt, oder einem gro\u00dfen Teil davon, auf Papier mit Buntstiften, Wasserfarben oder anderen Techniken gestaltet werden. Die Karten m\u00fcssen ausnahmslos von den Sch\u00fclern:innen selbstst\u00e4ndig gezeichnet und als Original &hellip; <a href=\"https:\/\/cartography.tuwien.ac.at\/bpetchenik\/ueber-den-wettbewerb\/\" class=\"more-link\"><span class=\"screen-reader-text\">Der Wettbewerb<\/span> weiterlesen<\/a><\/p>\n","protected":false},"author":2,"featured_media":0,"parent":0,"menu_order":0,"comment_status":"closed","ping_status":"closed","template":"","meta":{"footnotes":""},"class_list":["post-7","page","type-page","status-publish","hentry"],"_links":{"self":[{"href":"https:\/\/cartography.tuwien.ac.at\/bpetchenik\/wp-json\/wp\/v2\/pages\/7","targetHints":{"allow":["GET"]}}],"collection":[{"href":"https:\/\/cartography.tuwien.ac.at\/bpetchenik\/wp-json\/wp\/v2\/pages"}],"about":[{"href":"https:\/\/cartography.tuwien.ac.at\/bpetchenik\/wp-json\/wp\/v2\/types\/page"}],"author":[{"embeddable":true,"href":"https:\/\/cartography.tuwien.ac.at\/bpetchenik\/wp-json\/wp\/v2\/users\/2"}],"replies":[{"embeddable":true,"href":"https:\/\/cartography.tuwien.ac.at\/bpetchenik\/wp-json\/wp\/v2\/comments?post=7"}],"version-history":[{"count":20,"href":"https:\/\/cartography.tuwien.ac.at\/bpetchenik\/wp-json\/wp\/v2\/pages\/7\/revisions"}],"predecessor-version":[{"id":455,"href":"https:\/\/cartography.tuwien.ac.at\/bpetchenik\/wp-json\/wp\/v2\/pages\/7\/revisions\/455"}],"wp:attachment":[{"href":"https:\/\/cartography.tuwien.ac.at\/bpetchenik\/wp-json\/wp\/v2\/media?parent=7"}],"curies":[{"name":"wp","href":"https:\/\/api.w.org\/{rel}","templated":true}]}}